{"id":14,"date":"2019-11-23T14:40:19","date_gmt":"2019-11-23T14:40:19","guid":{"rendered":"https:\/\/silat.esv-dresden.de\/?page_id=14"},"modified":"2019-11-23T14:40:19","modified_gmt":"2019-11-23T14:40:19","slug":"ueber-uns","status":"publish","type":"page","link":"https:\/\/silat.esv-dresden.de\/index.php\/ueber-uns\/","title":{"rendered":"\u00dcber uns"},"content":{"rendered":"\n<p>M\u00f6glicherweise bist du k\u00fcnstlerisch t\u00e4tig und m\u00f6chtest dich und deine Arbeiten hier vorstellen. Oder hast du vielleicht ein Business mit einer Mission, die es zu beschreiben gilt?<\/p>\n","protected":false},"excerpt":{"rendered":"<p>M\u00f6glicherweise bist du k\u00fcnstlerisch t\u00e4tig und m\u00f6chtest dich und deine Arbeiten hier vorstellen. Oder hast du vielleicht ein Business mit einer Mission, die es zu beschreiben gilt?<\/p>\n","protected":false},"author":1,"featured_media":0,"parent":0,"menu_order":0,"comment_status":"closed","ping_status":"closed","template":"","meta":[],"yoast_head":"<!-- This site is optimized with the Yoast SEO plugin v16.0.2 - https:\/\/yoast.com\/wordpress\/plugins\/seo\/ -->\n<title>\u00dcber uns - Silat<\/title>\n<meta property=\"og:locale\" content=\"de_DE\" \/>\n<meta property=\"og:type\" content=\"article\" \/>\n<meta property=\"og:title\" content=\"\u00dcber uns - Silat\" \/>\n<meta property=\"og:description\" content=\"M\u00f6glicherweise bist du k\u00fcnstlerisch t\u00e4tig und m\u00f6chtest dich und deine Arbeiten hier vorstellen. Oder hast du vielleicht ein Business mit einer Mission, die es zu beschreiben gilt?\" \/>\n<meta property=\"og:url\" content=\"https:\/\/silat.esv-dresden.de\/index.php\/ueber-uns\/\" \/>\n<meta property=\"og:site_name\" content=\"Silat\" \/>\n<meta name=\"twitter:card\" content=\"summary_large_image\" \/>\n<script type=\"application\/ld+json\" class=\"yoast-schema-graph\">{\"@context\":\"https:\/\/schema.org\",\"@graph\":[{\"@type\":\"WebSite\",\"@id\":\"https:\/\/silat.esv-dresden.de\/#website\",\"url\":\"https:\/\/silat.esv-dresden.de\/\",\"name\":\"Silat\",\"description\":\"Silat Wei\\u00dfer Kranich Dresden\",\"potentialAction\":[{\"@type\":\"SearchAction\",\"target\":\"https:\/\/silat.esv-dresden.de\/?s={search_term_string}\",\"query-input\":\"required name=search_term_string\"}],\"inLanguage\":\"de\"},{\"@type\":\"WebPage\",\"@id\":\"https:\/\/silat.esv-dresden.de\/index.php\/ueber-uns\/#webpage\",\"url\":\"https:\/\/silat.esv-dresden.de\/index.php\/ueber-uns\/\",\"name\":\"\\u00dcber uns - Silat\",\"isPartOf\":{\"@id\":\"https:\/\/silat.esv-dresden.de\/#website\"},\"datePublished\":\"2019-11-23T14:40:19+00:00\",\"dateModified\":\"2019-11-23T14:40:19+00:00\",\"breadcrumb\":{\"@id\":\"https:\/\/silat.esv-dresden.de\/index.php\/ueber-uns\/#breadcrumb\"},\"inLanguage\":\"de\",\"potentialAction\":[{\"@type\":\"ReadAction\",\"target\":[\"https:\/\/silat.esv-dresden.de\/index.php\/ueber-uns\/\"]}]},{\"@type\":\"BreadcrumbList\",\"@id\":\"https:\/\/silat.esv-dresden.de\/index.php\/ueber-uns\/#breadcrumb\",\"itemListElement\":[{\"@type\":\"ListItem\",\"position\":1,\"item\":{\"@type\":\"WebPage\",\"@id\":\"https:\/\/silat.esv-dresden.de\/\",\"url\":\"https:\/\/silat.esv-dresden.de\/\",\"name\":\"Home\"}},{\"@type\":\"ListItem\",\"position\":2,\"item\":{\"@type\":\"WebPage\",\"@id\":\"https:\/\/silat.esv-dresden.de\/index.php\/ueber-uns\/\",\"url\":\"https:\/\/silat.esv-dresden.de\/index.php\/ueber-uns\/\",\"name\":\"\\u00dcber uns\"}}]}]}<\/script>\n<!-- \/ Yoast SEO plugin. -->","_links":{"self":[{"href":"https:\/\/silat.esv-dresden.de\/index.php\/wp-json\/wp\/v2\/pages\/14"}],"collection":[{"href":"https:\/\/silat.esv-dresden.de\/index.php\/wp-json\/wp\/v2\/pages"}],"about":[{"href":"https:\/\/silat.esv-dresden.de\/index.php\/wp-json\/wp\/v2\/types\/page"}],"author":[{"embeddable":true,"href":"https:\/\/silat.esv-dresden.de\/index.php\/wp-json\/wp\/v2\/users\/1"}],"replies":[{"embeddable":true,"href":"https:\/\/silat.esv-dresden.de\/index.php\/wp-json\/wp\/v2\/comments?post=14"}],"version-history":[{"count":1,"href":"https:\/\/silat.esv-dresden.de\/index.php\/wp-json\/wp\/v2\/pages\/14\/revisions"}],"predecessor-version":[{"id":19,"href":"https:\/\/silat.esv-dresden.de\/index.php\/wp-json\/wp\/v2\/pages\/14\/revisions\/19"}],"wp:attachment":[{"href":"https:\/\/silat.esv-dresden.de\/index.php\/wp-json\/wp\/v2\/media?parent=14"}],"curies":[{"name":"wp","href":"https:\/\/api.w.org\/{rel}","templated":true}]}}